{"id":280,"date":"2020-08-11T16:42:17","date_gmt":"2020-08-11T16:42:17","guid":{"rendered":"http:\/\/www.dicto.fi\/?page_id=280"},"modified":"2026-04-13T08:48:24","modified_gmt":"2026-04-13T08:48:24","slug":"cv","status":"publish","type":"page","link":"https:\/\/dicto.fi\/?page_id=280","title":{"rendered":"Riitta Monto"},"content":{"rendered":"<p>Olen <strong>Riitta Monto<\/strong>, FM, journalisti, media-asiantuntija<\/p>\n<p>Toimin Turun 2021\u20132025 <a href=\"https:\/\/www.utu.fi\/fi\/ajankohtaista\/mediatiedote\/riitta-monto-turun-yliopiston-tyoelamaprofessoriksi\">ty\u00f6el\u00e4m\u00e4professorina Turun yliopiston humanistisessa tiedekunnassa<\/a>. Tavoitteeni oli opettaa mediataitoja, kannustaa tutkijoita ja vahvistaa humanistisen tutkimuksen yhteiskunnallista vaikuttavuutta. Viisivuotiseksi ven\u00e4ht\u00e4nyt kausi oli antoisa ja ty\u00f6skentely tutkijoiden kanssa inspiroivaa.<\/p>\n<p>Olen yhteiskunnallisesti asennoitunut humanisti, joka nauttii toimitusty\u00f6st\u00e4 eri\u00a0 kanavissa: Turun Sanomissa p\u00e4\u00e4toimittajana\u00a0 yli kymmenen vuotta (2009\u20132020), kulttuuritoimituksen p\u00e4\u00e4llikk\u00f6n\u00e4 nelj\u00e4 vuotta\u00a0 ja Turku TV:ss\u00e4 ohjelmap\u00e4\u00e4llikk\u00f6n\u00e4 yhdeks\u00e4n vuotta.<\/p>\n<p>Olin toimittajana mukana perustamassa Radio Auran Aaltoja Turkuun 1985.\u00a0Ennen Aaltoja ty\u00f6skentelin opiskelun ohessa Yleisradiossa.<\/p>\n<p>Rakastan radion intiimiytt\u00e4 ja \u00e4\u00e4nimaisemaa, joten\u00a0 podcastit kiehtovat. Ty\u00f6el\u00e4m\u00e4professorina tein 2023\u20132025 erinomaisten tutkijahaastateltavien kanssa 30 <a href=\"https:\/\/www.utu.fi\/fi\/ajankohtaista\/podcast\/humanisti-vastaa\">Humanisti vastaa -podcastia.<\/a><\/p>\n<p>Syksyll\u00e4 2022 tein\u00a0viisi <a href=\"https:\/\/open.spotify.com\/episode\/7qrOKi2lU45yq1yOoxyGlv?si=50FoKrxHSf-CQQrBaEufAw\">Puhetta musiikista ja maailmasta -podcastia<\/a> Turun musiikkijuhlille.<\/p>\n<p>Oman media- ja viestint\u00e4toimisto Dicton perustin\u00a0 2020.<\/p>\n<p><strong><span style=\"font-size: 1rem;\">MUUTA KIVAA JA ARVOKASTA:<\/span><\/strong><\/p>\n<ul>\n<li>Suuri kunnia tulla 8.10.2021 vihityksi <a href=\"https:\/\/www.utu.fi\/fi\/ajankohtaista\/mediatiedote\/kunniatohtoripromootiossa-vihitaan-15-kunniatohtoria-virtuaalinen-juhla\">Turun yliopiston yhteiskuntatieteellisen tiedekunnan kunniatohtoriksi<\/a> &#8221;yhteiskunnallisen suvaitsevaisuuden ja ymm\u00e4rryksen edist\u00e4j\u00e4n\u00e4 sek\u00e4 monipuolisen kansalaiskeskustelun yll\u00e4pit\u00e4j\u00e4n\u00e4&#8221;. Voisiko parempaa kiitosta ajasta p\u00e4\u00e4toimittajana saada? Humanisti yhteiskunnallisella n\u00e4k\u00f6alapaikalla on kiitollinen Turun Sanomille mielekk\u00e4\u00e4st\u00e4 ty\u00f6urasta ja yliopistolle mediaty\u00f6n arvostuksesta.<\/li>\n<li>Jarkko Laine -palkintoraadin j\u00e4sen. <a href=\"https:\/\/www.ts.fi\/kulttuuri\/kirjat\/5078874\/Jarkko+Laine+palkinnon+voittaja+Juhani+Karila+kertoo+vahan+toisenlaisen+kalajutun\">JL-palkinnon 2020<\/a> sai Juhani Karila teoksesta Pienen hauen pyydystys<\/li>\n<li>Turun Suomalaisen Yliopistoseuran puheenjohtaja 2015-2017.<\/li>\n<li>Aboa Vetus &amp; Ars Novan <a href=\"https:\/\/www.av-arkki.fi\/fi\/uutiset\/rainiorobertstkubiennaali\/\">Turku Biennaali<\/a> -palkinnon valinta 2017: Minna Rainion<strong>\u00a0<\/strong>ja Mark Robertsin visuaalisesti vahva\u00a0 ja humaani <em>They Came in Crowded Boats and Trains.<\/em><\/li>\n<li>Turun AMK:n TUAS-fellow 2016.<\/li>\n<li>Turun yliopiston Vuoden 2012 alumni.<\/li>\n<li>Varsinais-Suomen liiton Aurora-kulttuurimitali 2011.<\/li>\n<\/ul>\n<h6>Dicto (lat.) tarkoittaa kirjoittaa muistiin, sanoa usein.<\/h6>\n<p>Miten sopiikin niin hyvin monimediatoimittajalle!<\/p>\n<p><a href=\"http:\/\/www.dicto.fi\/?page_id=322\">Ota yhteytt\u00e4!<\/a><\/p>\n\n\n<p><\/p>\n","protected":false},"excerpt":{"rendered":"<p>Olen Riitta Monto, FM, journalisti, media-asiantuntija Toimin Turun 2021\u20132025 ty\u00f6el\u00e4m\u00e4professorina Turun yliopiston humanistisessa tiedekunnassa. Tavoitteeni oli opettaa mediataitoja, kannustaa tutkijoita ja vahvistaa humanistisen tutkimuksen yhteiskunnallista vaikuttavuutta. Viisivuotiseksi ven\u00e4ht\u00e4nyt kausi oli antoisa ja ty\u00f6skentely tutkijoiden kanssa inspiroivaa. Olen yhteiskunnallisesti asennoitunut humanisti, joka nauttii toimitusty\u00f6st\u00e4 eri\u00a0 kanavissa: Turun Sanomissa p\u00e4\u00e4toimittajana\u00a0 yli kymmenen vuotta (2009\u20132020), kulttuuritoimituksen p\u00e4\u00e4llikk\u00f6n\u00e4 nelj\u00e4 &hellip; <\/p>\n<p class=\"link-more\"><a href=\"https:\/\/dicto.fi\/?page_id=280\" class=\"more-link\">Jatka lukemista<span class=\"screen-reader-text\"> &#8221;Riitta Monto&#8221;<\/span><\/a><\/p>\n","protected":false},"author":1,"featured_media":996,"parent":0,"menu_order":0,"comment_status":"closed","ping_status":"closed","template":"","meta":{"footnotes":""},"class_list":["post-280","page","type-page","status-publish","has-post-thumbnail","hentry"],"_links":{"self":[{"href":"https:\/\/dicto.fi\/index.php?rest_route=\/wp\/v2\/pages\/280","targetHints":{"allow":["GET"]}}],"collection":[{"href":"https:\/\/dicto.fi\/index.php?rest_route=\/wp\/v2\/pages"}],"about":[{"href":"https:\/\/dicto.fi\/index.php?rest_route=\/wp\/v2\/types\/page"}],"author":[{"embeddable":true,"href":"https:\/\/dicto.fi\/index.php?rest_route=\/wp\/v2\/users\/1"}],"replies":[{"embeddable":true,"href":"https:\/\/dicto.fi\/index.php?rest_route=%2Fwp%2Fv2%2Fcomments&post=280"}],"version-history":[{"count":56,"href":"https:\/\/dicto.fi\/index.php?rest_route=\/wp\/v2\/pages\/280\/revisions"}],"predecessor-version":[{"id":1228,"href":"https:\/\/dicto.fi\/index.php?rest_route=\/wp\/v2\/pages\/280\/revisions\/1228"}],"wp:featuredmedia":[{"embeddable":true,"href":"https:\/\/dicto.fi\/index.php?rest_route=\/wp\/v2\/media\/996"}],"wp:attachment":[{"href":"https:\/\/dicto.fi\/index.php?rest_route=%2Fwp%2Fv2%2Fmedia&parent=280"}],"curies":[{"name":"wp","href":"https:\/\/api.w.org\/{rel}","templated":true}]}}